{"id":1813,"date":"2023-07-16T20:59:20","date_gmt":"2023-07-16T19:59:20","guid":{"rendered":"https:\/\/svt4u.ma\/?page_id=1813"},"modified":"2023-07-20T11:54:35","modified_gmt":"2023-07-20T10:54:35","slug":"nous-contacter","status":"publish","type":"page","link":"https:\/\/onlineschool.ma\/ar\/nous-contacter\/","title":{"rendered":"Nous Contacter"},"content":{"rendered":"<div data-elementor-type=\"wp-page\" data-elementor-id=\"1813\" class=\"elementor elementor-1813\">\n\t\t\t\t\t\t<section class=\"elementor-section elementor-top-section elementor-element elementor-element-4b1c0cad elementor-section-boxed elementor-section-height-default elementor-section-height-default\" data-id=\"4b1c0cad\" data-element_type=\"section\" data-e-type=\"section\" data-settings=\"{&quot;background_background&quot;:&quot;classic&quot;}\">\n\t\t\t\t\t\t<div class=\"elementor-container elementor-column-gap-default\">\n\t\t\t\t\t<div class=\"elementor-column elementor-col-100 elementor-top-column elementor-element elementor-element-3297f994\" data-id=\"3297f994\" data-element_type=\"column\" data-e-type=\"column\">\n\t\t\t<div class=\"elementor-widget-wrap elementor-element-populated\">\n\t\t\t\t\t\t<div class=\"elementor-element elementor-element-3cbc0194 elementor-widget elementor-widget-heading\" data-id=\"3cbc0194\" data-element_type=\"widget\" data-e-type=\"widget\" data-widget_type=\"heading.default\">\n\t\t\t\t<div class=\"elementor-widget-container\">\n\t\t\t\t\t<h2 class=\"elementor-heading-title elementor-size-default\">Nous contacter<\/h2>\t\t\t\t<\/div>\n\t\t\t\t<\/div>\n\t\t\t\t<div class=\"elementor-element elementor-element-743419e1 elementor-widget elementor-widget-text-editor\" data-id=\"743419e1\" data-element_type=\"widget\" data-e-type=\"widget\" data-widget_type=\"text-editor.default\">\n\t\t\t\t<div class=\"elementor-widget-container\">\n\t\t\t\t\t\t\t\t\t<p>Rendre l&rsquo;apprentissage et l&rsquo;enseignement plus efficaces gr\u00e2ce \u00e0 la participation\u00a0 et \u00e0 la collaboration de nos \u00e9l\u00e8ves.<\/p>\t\t\t\t\t\t\t\t<\/div>\n\t\t\t\t<\/div>\n\t\t\t\t\t<\/div>\n\t\t<\/div>\n\t\t\t\t\t<\/div>\n\t\t<\/section>\n\t\t\t\t<section class=\"elementor-section elementor-top-section elementor-element elementor-element-2cb7d8e5 elementor-section-content-middle elementor-section-boxed elementor-section-height-default elementor-section-height-default\" data-id=\"2cb7d8e5\" data-element_type=\"section\" data-e-type=\"section\">\n\t\t\t\t\t\t<div class=\"elementor-container elementor-column-gap-wider\">\n\t\t\t\t\t<div class=\"elementor-column elementor-col-50 elementor-top-column elementor-element elementor-element-30b97a2a\" data-id=\"30b97a2a\" data-element_type=\"column\" data-e-type=\"column\">\n\t\t\t<div class=\"elementor-widget-wrap elementor-element-populated\">\n\t\t\t\t\t\t<div class=\"elementor-element elementor-element-b148428 elementor-widget elementor-widget-heading\" data-id=\"b148428\" data-element_type=\"widget\" data-e-type=\"widget\" data-widget_type=\"heading.default\">\n\t\t\t\t<div class=\"elementor-widget-container\">\n\t\t\t\t\t<h2 class=\"elementor-heading-title elementor-size-default\">Nous sommes toujours \u00e0 votre disposition 24h\/24 et 7j\/7.<\/h2>\t\t\t\t<\/div>\n\t\t\t\t<\/div>\n\t\t\t\t<div class=\"elementor-element elementor-element-830925b elementor-widget elementor-widget-shortcode\" data-id=\"830925b\" data-element_type=\"widget\" data-e-type=\"widget\" data-widget_type=\"shortcode.default\">\n\t\t\t\t<div class=\"elementor-widget-container\">\n\t\t\t\t\t\t\t<div class=\"elementor-shortcode\">\n<div class=\"wpcf7 no-js\" id=\"wpcf7-f1462-o1\" lang=\"en-US\" dir=\"ltr\" data-wpcf7-id=\"1462\">\n<div class=\"screen-reader-response\"><p role=\"status\" aria-live=\"polite\" aria-atomic=\"true\"><\/p> <ul><\/ul><\/div>\n<form action=\"\/ar\/wp-json\/wp\/v2\/pages\/1813#wpcf7-f1462-o1\" method=\"post\" class=\"wpcf7-form init\" aria-label=\"Contact form\" novalidate=\"novalidate\" data-status=\"init\" data-trp-original-action=\"\/ar\/wp-json\/wp\/v2\/pages\/1813#wpcf7-f1462-o1\">\n<fieldset class=\"hidden-fields-container\"><input type=\"hidden\" name=\"_wpcf7\" value=\"1462\" \/><input type=\"hidden\" name=\"_wpcf7_version\" value=\"6.1.5\" \/><input type=\"hidden\" name=\"_wpcf7_locale\" value=\"en_US\" \/><input type=\"hidden\" name=\"_wpcf7_unit_tag\" value=\"wpcf7-f1462-o1\" \/><input type=\"hidden\" name=\"_wpcf7_container_post\" value=\"0\" \/><input type=\"hidden\" name=\"_wpcf7_posted_data_hash\" value=\"\" \/>\n<\/fieldset>\n<p><label> Your name<br \/>\n<span class=\"wpcf7-form-control-wrap\" data-name=\"your-name\"><input size=\"40\" maxlength=\"400\" class=\"wpcf7-form-control wpcf7-text wpcf7-validates-as-required\" autocomplete=\"name\" aria-required=\"true\" aria-invalid=\"false\" value=\"\" type=\"text\" name=\"your-name\" \/><\/span> <\/label>\n<\/p>\n<p><label> Your email<br \/>\n<span class=\"wpcf7-form-control-wrap\" data-name=\"your-email\"><input size=\"40\" maxlength=\"400\" class=\"wpcf7-form-control wpcf7-email wpcf7-validates-as-required wpcf7-text wpcf7-validates-as-email\" autocomplete=\"email\" aria-required=\"true\" aria-invalid=\"false\" value=\"\" type=\"email\" name=\"your-email\" \/><\/span> <\/label>\n<\/p>\n<p><label> Subject<br \/>\n<span class=\"wpcf7-form-control-wrap\" data-name=\"your-subject\"><input size=\"40\" maxlength=\"400\" class=\"wpcf7-form-control wpcf7-text wpcf7-validates-as-required\" aria-required=\"true\" aria-invalid=\"false\" value=\"\" type=\"text\" name=\"your-subject\" \/><\/span> <\/label>\n<\/p>\n<p><label> Your message (optional)<br \/>\n<span class=\"wpcf7-form-control-wrap\" data-name=\"your-message\"><textarea cols=\"40\" rows=\"10\" maxlength=\"2000\" class=\"wpcf7-form-control wpcf7-textarea\" aria-invalid=\"false\" name=\"your-message\"><\/textarea><\/span> <\/label>\n<\/p>\n<p><input class=\"wpcf7-form-control wpcf7-submit has-spinner\" type=\"submit\" value=\"Submit\" \/>\n<\/p><div class=\"wpcf7-response-output\" aria-hidden=\"true\"><\/div>\n<input type=\"hidden\" name=\"trp-form-language\" value=\"ar\"\/><\/form>\n<\/div>\n<\/div>\n\t\t\t\t\t\t<\/div>\n\t\t\t\t<\/div>\n\t\t\t\t\t<\/div>\n\t\t<\/div>\n\t\t\t\t<div class=\"elementor-column elementor-col-50 elementor-top-column elementor-element elementor-element-7f7b7cab\" data-id=\"7f7b7cab\" data-element_type=\"column\" data-e-type=\"column\">\n\t\t\t<div class=\"elementor-widget-wrap elementor-element-populated\">\n\t\t\t\t\t\t<div class=\"elementor-element elementor-element-4b117be8 elementor-widget elementor-widget-heading\" data-id=\"4b117be8\" data-element_type=\"widget\" data-e-type=\"widget\" data-widget_type=\"heading.default\">\n\t\t\t\t<div class=\"elementor-widget-container\">\n\t\t\t\t\t<h2 class=\"elementor-heading-title elementor-size-default\">Nous appeler <\/h2>\t\t\t\t<\/div>\n\t\t\t\t<\/div>\n\t\t\t\t<div class=\"elementor-element elementor-element-43deb2ad elementor-widget elementor-widget-text-editor\" data-id=\"43deb2ad\" data-element_type=\"widget\" data-e-type=\"widget\" data-widget_type=\"text-editor.default\">\n\t\t\t\t<div class=\"elementor-widget-container\">\n\t\t\t\t\t\t\t\t\t<p>+212<\/p>\t\t\t\t\t\t\t\t<\/div>\n\t\t\t\t<\/div>\n\t\t\t\t<div class=\"elementor-element elementor-element-3e285cb0 elementor-widget elementor-widget-text-editor\" data-id=\"3e285cb0\" data-element_type=\"widget\" data-e-type=\"widget\" data-widget_type=\"text-editor.default\">\n\t\t\t\t<div class=\"elementor-widget-container\">\n\t\t\t\t\t\t\t\t\t<p><span style=\"letter-spacing: -0.66px; background-color: var(--body-bg-color); text-transform: var(--body-text-transform);\">+212 &#8230;.<\/span><\/p>\t\t\t\t\t\t\t\t<\/div>\n\t\t\t\t<\/div>\n\t\t\t\t<div class=\"elementor-element elementor-element-1020d697 elementor-widget elementor-widget-heading\" data-id=\"1020d697\" data-element_type=\"widget\" data-e-type=\"widget\" data-widget_type=\"heading.default\">\n\t\t\t\t<div class=\"elementor-widget-container\">\n\t\t\t\t\t<h2 class=\"elementor-heading-title elementor-size-default\">Envoyer un Email <\/h2>\t\t\t\t<\/div>\n\t\t\t\t<\/div>\n\t\t\t\t<div class=\"elementor-element elementor-element-17483ab0 elementor-widget elementor-widget-text-editor\" data-id=\"17483ab0\" data-element_type=\"widget\" data-e-type=\"widget\" data-widget_type=\"text-editor.default\">\n\t\t\t\t<div class=\"elementor-widget-container\">\n\t\t\t\t\t\t\t\t\t<p>said.afoudissane11@mail.com<\/p>\t\t\t\t\t\t\t\t<\/div>\n\t\t\t\t<\/div>\n\t\t\t\t<div class=\"elementor-element elementor-element-242d72fa elementor-widget elementor-widget-text-editor\" data-id=\"242d72fa\" data-element_type=\"widget\" data-e-type=\"widget\" data-widget_type=\"text-editor.default\">\n\t\t\t\t<div class=\"elementor-widget-container\">\n\t\t\t\t\t\t\t\t\t<p>&#8230;.<\/p>\t\t\t\t\t\t\t\t<\/div>\n\t\t\t\t<\/div>\n\t\t\t\t<div class=\"elementor-element elementor-element-5fdfabd5 elementor-widget elementor-widget-heading\" data-id=\"5fdfabd5\" data-element_type=\"widget\" data-e-type=\"widget\" data-widget_type=\"heading.default\">\n\t\t\t\t<div class=\"elementor-widget-container\">\n\t\t\t\t\t<h2 class=\"elementor-heading-title elementor-size-default\">Nous visiter <\/h2>\t\t\t\t<\/div>\n\t\t\t\t<\/div>\n\t\t\t\t<div class=\"elementor-element elementor-element-5a5aeae4 elementor-widget elementor-widget-text-editor\" data-id=\"5a5aeae4\" data-element_type=\"widget\" data-e-type=\"widget\" data-widget_type=\"text-editor.default\">\n\t\t\t\t<div class=\"elementor-widget-container\">\n\t\t\t\t\t\t\t\t\t<p>&#8230;&#8230;&#8230;&#8230;&#8230;&#8230;&#8230;&#8230;&#8230;&#8230;&#8230;&#8230;&#8230;.<\/p>\t\t\t\t\t\t\t\t<\/div>\n\t\t\t\t<\/div>\n\t\t\t\t\t<\/div>\n\t\t<\/div>\n\t\t\t\t\t<\/div>\n\t\t<\/section>\n\t\t\t\t<\/div>","protected":false},"excerpt":{"rendered":"<p>Nous contacter Rendre l&rsquo;apprentissage et l&rsquo;enseignement plus efficaces gr\u00e2ce \u00e0 la participation\u00a0 et \u00e0 la collaboration de nos<\/p>","protected":false},"author":1,"featured_media":0,"parent":0,"menu_order":0,"comment_status":"closed","ping_status":"closed","template":"elementor_header_footer","meta":{"_tutorstarter_page_metadata":[],"footnotes":""},"class_list":["post-1813","page","type-page","status-publish","hentry"],"yoast_head":"<!-- This site is optimized with the Yoast SEO plugin v26.9 - https:\/\/yoast.com\/product\/yoast-seo-wordpress\/ -->\n<title>Nous Contacter - Onlineschool<\/title>\n<meta name=\"robots\" content=\"index, follow, max-snippet:-1, max-image-preview:large, max-video-preview:-1\" \/>\n<link rel=\"canonical\" href=\"https:\/\/onlineschool.ma\/ar\/nous-contacter\/\" \/>\n<meta property=\"og:locale\" content=\"ar_AR\" \/>\n<meta property=\"og:type\" content=\"article\" \/>\n<meta property=\"og:title\" content=\"Nous Contacter - Onlineschool\" \/>\n<meta property=\"og:description\" content=\"Nous contacter Rendre l&rsquo;apprentissage et l&rsquo;enseignement plus efficaces gr\u00e2ce \u00e0 la participation\u00a0 et \u00e0 la collaboration de nos\" \/>\n<meta property=\"og:url\" content=\"https:\/\/onlineschool.ma\/ar\/nous-contacter\/\" \/>\n<meta property=\"og:site_name\" content=\"Onlineschool\" \/>\n<meta property=\"article:publisher\" content=\"https:\/\/www.facebook.com\/svt4you\" \/>\n<meta property=\"article:modified_time\" content=\"2023-07-20T10:54:35+00:00\" \/>\n<meta name=\"twitter:card\" content=\"summary_large_image\" \/>\n<script type=\"application\/ld+json\" class=\"yoast-schema-graph\">{\"@context\":\"https:\/\/schema.org\",\"@graph\":[{\"@type\":\"WebPage\",\"@id\":\"https:\/\/onlineschool.ma\/nous-contacter\/\",\"url\":\"https:\/\/onlineschool.ma\/nous-contacter\/\",\"name\":\"Nous Contacter - Onlineschool\",\"isPartOf\":{\"@id\":\"https:\/\/onlineschool.ma\/#website\"},\"datePublished\":\"2023-07-16T19:59:20+00:00\",\"dateModified\":\"2023-07-20T10:54:35+00:00\",\"breadcrumb\":{\"@id\":\"https:\/\/onlineschool.ma\/nous-contacter\/#breadcrumb\"},\"inLanguage\":\"ary\",\"potentialAction\":[{\"@type\":\"ReadAction\",\"target\":[\"https:\/\/onlineschool.ma\/nous-contacter\/\"]}]},{\"@type\":\"BreadcrumbList\",\"@id\":\"https:\/\/onlineschool.ma\/nous-contacter\/#breadcrumb\",\"itemListElement\":[{\"@type\":\"ListItem\",\"position\":1,\"name\":\"Home\",\"item\":\"https:\/\/onlineschool.ma\/\"},{\"@type\":\"ListItem\",\"position\":2,\"name\":\"Nous Contacter\"}]},{\"@type\":\"WebSite\",\"@id\":\"https:\/\/onlineschool.ma\/#website\",\"url\":\"https:\/\/onlineschool.ma\/\",\"name\":\"SVT4U\",\"description\":\"\u00c9tudier en ligne\",\"publisher\":{\"@id\":\"https:\/\/onlineschool.ma\/#organization\"},\"potentialAction\":[{\"@type\":\"SearchAction\",\"target\":{\"@type\":\"EntryPoint\",\"urlTemplate\":\"https:\/\/onlineschool.ma\/?s={search_term_string}\"},\"query-input\":{\"@type\":\"PropertyValueSpecification\",\"valueRequired\":true,\"valueName\":\"search_term_string\"}}],\"inLanguage\":\"ary\"},{\"@type\":\"Organization\",\"@id\":\"https:\/\/onlineschool.ma\/#organization\",\"name\":\"SVT4U\",\"url\":\"https:\/\/onlineschool.ma\/\",\"logo\":{\"@type\":\"ImageObject\",\"inLanguage\":\"ary\",\"@id\":\"https:\/\/onlineschool.ma\/#\/schema\/logo\/image\/\",\"url\":\"https:\/\/onlineschool.ma\/wp-content\/uploads\/2024\/05\/cropped-Onlineschool-removebg-preview-2.png\",\"contentUrl\":\"https:\/\/onlineschool.ma\/wp-content\/uploads\/2024\/05\/cropped-Onlineschool-removebg-preview-2.png\",\"width\":75,\"height\":61,\"caption\":\"SVT4U\"},\"image\":{\"@id\":\"https:\/\/onlineschool.ma\/#\/schema\/logo\/image\/\"},\"sameAs\":[\"https:\/\/www.facebook.com\/svt4you\"]}]}<\/script>\n<!-- \/ Yoast SEO plugin. -->","yoast_head_json":{"title":"Nous Contacter - Onlineschool","robots":{"index":"index","follow":"follow","max-snippet":"max-snippet:-1","max-image-preview":"max-image-preview:large","max-video-preview":"max-video-preview:-1"},"canonical":"https:\/\/onlineschool.ma\/ar\/nous-contacter\/","og_locale":"ar_AR","og_type":"article","og_title":"Nous Contacter - Onlineschool","og_description":"Nous contacter Rendre l&rsquo;apprentissage et l&rsquo;enseignement plus efficaces gr\u00e2ce \u00e0 la participation\u00a0 et \u00e0 la collaboration de nos","og_url":"https:\/\/onlineschool.ma\/ar\/nous-contacter\/","og_site_name":"Onlineschool","article_publisher":"https:\/\/www.facebook.com\/svt4you","article_modified_time":"2023-07-20T10:54:35+00:00","twitter_card":"summary_large_image","schema":{"@context":"https:\/\/schema.org","@graph":[{"@type":"WebPage","@id":"https:\/\/onlineschool.ma\/nous-contacter\/","url":"https:\/\/onlineschool.ma\/nous-contacter\/","name":"Nous Contacter - Onlineschool","isPartOf":{"@id":"https:\/\/onlineschool.ma\/#website"},"datePublished":"2023-07-16T19:59:20+00:00","dateModified":"2023-07-20T10:54:35+00:00","breadcrumb":{"@id":"https:\/\/onlineschool.ma\/nous-contacter\/#breadcrumb"},"inLanguage":"ary","potentialAction":[{"@type":"ReadAction","target":["https:\/\/onlineschool.ma\/nous-contacter\/"]}]},{"@type":"BreadcrumbList","@id":"https:\/\/onlineschool.ma\/nous-contacter\/#breadcrumb","itemListElement":[{"@type":"ListItem","position":1,"name":"Home","item":"https:\/\/onlineschool.ma\/"},{"@type":"ListItem","position":2,"name":"Nous Contacter"}]},{"@type":"WebSite","@id":"https:\/\/onlineschool.ma\/#website","url":"https:\/\/onlineschool.ma\/","name":"SVT4U","description":"\u00c9tudier en ligne","publisher":{"@id":"https:\/\/onlineschool.ma\/#organization"},"potentialAction":[{"@type":"SearchAction","target":{"@type":"EntryPoint","urlTemplate":"https:\/\/onlineschool.ma\/?s={search_term_string}"},"query-input":{"@type":"PropertyValueSpecification","valueRequired":true,"valueName":"search_term_string"}}],"inLanguage":"ary"},{"@type":"Organization","@id":"https:\/\/onlineschool.ma\/#organization","name":"SVT4U","url":"https:\/\/onlineschool.ma\/","logo":{"@type":"ImageObject","inLanguage":"ary","@id":"https:\/\/onlineschool.ma\/#\/schema\/logo\/image\/","url":"https:\/\/onlineschool.ma\/wp-content\/uploads\/2024\/05\/cropped-Onlineschool-removebg-preview-2.png","contentUrl":"https:\/\/onlineschool.ma\/wp-content\/uploads\/2024\/05\/cropped-Onlineschool-removebg-preview-2.png","width":75,"height":61,"caption":"SVT4U"},"image":{"@id":"https:\/\/onlineschool.ma\/#\/schema\/logo\/image\/"},"sameAs":["https:\/\/www.facebook.com\/svt4you"]}]}},"_links":{"self":[{"href":"https:\/\/onlineschool.ma\/ar\/wp-json\/wp\/v2\/pages\/1813","targetHints":{"allow":["GET"]}}],"collection":[{"href":"https:\/\/onlineschool.ma\/ar\/wp-json\/wp\/v2\/pages"}],"about":[{"href":"https:\/\/onlineschool.ma\/ar\/wp-json\/wp\/v2\/types\/page"}],"author":[{"embeddable":true,"href":"https:\/\/onlineschool.ma\/ar\/wp-json\/wp\/v2\/users\/1"}],"replies":[{"embeddable":true,"href":"https:\/\/onlineschool.ma\/ar\/wp-json\/wp\/v2\/comments?post=1813"}],"version-history":[{"count":25,"href":"https:\/\/onlineschool.ma\/ar\/wp-json\/wp\/v2\/pages\/1813\/revisions"}],"predecessor-version":[{"id":2156,"href":"https:\/\/onlineschool.ma\/ar\/wp-json\/wp\/v2\/pages\/1813\/revisions\/2156"}],"wp:attachment":[{"href":"https:\/\/onlineschool.ma\/ar\/wp-json\/wp\/v2\/media?parent=1813"}],"curies":[{"name":"wp","href":"https:\/\/api.w.org\/{rel}","templated":true}]}}